{"id":240,"date":"2023-11-15T18:47:57","date_gmt":"2023-11-15T17:47:57","guid":{"rendered":"https:\/\/landing.flexsis.it\/?page_id=240"},"modified":"2025-01-30T10:22:00","modified_gmt":"2025-01-30T09:22:00","slug":"stellensuche","status":"publish","type":"page","link":"https:\/\/landing.flexsis.it\/de\/stellensuche\/","title":{"rendered":"Stellensuche in der Industrie, im Baugewerbe, und in der Logistik"},"content":{"rendered":"","protected":false},"excerpt":{"rendered":"<p> [&#8230;]<\/p>\n<p><a class=\"btn btn-secondary understrap-read-more-link\" href=\"https:\/\/landing.flexsis.it\/de\/stellensuche\/\">Weiterlesen&#8230;<span class=\"screen-reader-text\"> from Stellensuche in der Industrie, im Baugewerbe, und in der Logistik<\/span><\/a><\/p>\n","protected":false},"author":2,"featured_media":0,"parent":0,"menu_order":0,"comment_status":"closed","ping_status":"closed","template":"page-templates\/template-offres.php","meta":{"_monsterinsights_skip_tracking":false,"_monsterinsights_sitenote_active":false,"_monsterinsights_sitenote_note":"","_monsterinsights_sitenote_category":0,"footnotes":""},"class_list":["post-240","page","type-page","status-publish","hentry"],"yoast_head":"<!-- This site is optimized with the Yoast SEO plugin v26.2 - https:\/\/yoast.com\/wordpress\/plugins\/seo\/ -->\n<title>Flexsis<\/title>\n<meta name=\"description\" content=\"Alle unsere Stellenangebote f\u00fcr die Bereiche Industrie, Technik, Bauwesen und \u00f6ffentliche Arbeiten, f\u00fcr feste oder befristete Stellen.\" \/>\n<meta name=\"robots\" content=\"index, follow, max-snippet:-1, max-image-preview:large, max-video-preview:-1\" \/>\n<link rel=\"canonical\" href=\"https:\/\/landing.flexsis.it\/de\/stellensuche\/\" \/>\n<meta property=\"og:locale\" content=\"de_DE\" \/>\n<meta property=\"og:type\" content=\"article\" \/>\n<meta property=\"og:title\" content=\"Stellensuche in der Industrie, im Baugewerbe, und in der Logistik - Flexsis\" \/>\n<meta property=\"og:description\" content=\"Alle unsere Stellenangebote f\u00fcr die Bereiche Industrie, Technik, Bauwesen und \u00f6ffentliche Arbeiten, f\u00fcr feste oder befristete Stellen.\" \/>\n<meta property=\"og:url\" content=\"https:\/\/landing.flexsis.it\/de\/stellensuche\/\" \/>\n<meta property=\"og:site_name\" content=\"Flexsis\" \/>\n<meta property=\"article:modified_time\" content=\"2025-01-30T09:22:00+00:00\" \/>\n<meta property=\"og:image\" content=\"https:\/\/landing.flexsis.it\/wp-content\/uploads\/2024\/02\/flexsis_1200x675.jpg\" \/>\n\t<meta property=\"og:image:width\" content=\"1200\" \/>\n\t<meta property=\"og:image:height\" content=\"675\" \/>\n\t<meta property=\"og:image:type\" content=\"image\/jpeg\" \/>\n<meta name=\"twitter:card\" content=\"summary_large_image\" \/>\n<script type=\"application\/ld+json\" class=\"yoast-schema-graph\">{\"@context\":\"https:\/\/schema.org\",\"@graph\":[{\"@type\":\"WebPage\",\"@id\":\"https:\/\/landing.flexsis.it\/de\/stellensuche\/\",\"url\":\"https:\/\/landing.flexsis.it\/de\/stellensuche\/\",\"name\":\"Stellensuche in der Industrie, im Baugewerbe, und in der Logistik - Flexsis\",\"isPartOf\":{\"@id\":\"https:\/\/landing.flexsis.it\/de\/#website\"},\"datePublished\":\"2023-11-15T17:47:57+00:00\",\"dateModified\":\"2025-01-30T09:22:00+00:00\",\"description\":\"Alle unsere Stellenangebote f\u00fcr die Bereiche Industrie, Technik, Bauwesen und \u00f6ffentliche Arbeiten, f\u00fcr feste oder befristete Stellen.\",\"breadcrumb\":{\"@id\":\"https:\/\/landing.flexsis.it\/de\/stellensuche\/#breadcrumb\"},\"inLanguage\":\"de\",\"potentialAction\":[{\"@type\":\"ReadAction\",\"target\":[\"https:\/\/landing.flexsis.it\/de\/stellensuche\/\"]}]},{\"@type\":\"BreadcrumbList\",\"@id\":\"https:\/\/landing.flexsis.it\/de\/stellensuche\/#breadcrumb\",\"itemListElement\":[{\"@type\":\"ListItem\",\"position\":1,\"name\":\"Accueil\",\"item\":\"https:\/\/landing.flexsis.it\/de\/\"},{\"@type\":\"ListItem\",\"position\":2,\"name\":\"Stellensuche in der Industrie, im Baugewerbe, und in der Logistik\"}]},{\"@type\":\"WebSite\",\"@id\":\"https:\/\/landing.flexsis.it\/de\/#website\",\"url\":\"https:\/\/landing.flexsis.it\/de\/\",\"name\":\"Flexsis\",\"description\":\"Personalrekrutierung- und vermittlung, fest und tempor\u00e4r\",\"publisher\":{\"@id\":\"https:\/\/landing.flexsis.it\/de\/#organization\"},\"potentialAction\":[{\"@type\":\"SearchAction\",\"target\":{\"@type\":\"EntryPoint\",\"urlTemplate\":\"https:\/\/landing.flexsis.it\/de\/?s={search_term_string}\"},\"query-input\":{\"@type\":\"PropertyValueSpecification\",\"valueRequired\":true,\"valueName\":\"search_term_string\"}}],\"inLanguage\":\"de\"},{\"@type\":\"Organization\",\"@id\":\"https:\/\/landing.flexsis.it\/de\/#organization\",\"name\":\"Flexsis\",\"url\":\"https:\/\/landing.flexsis.it\/de\/\",\"logo\":{\"@type\":\"ImageObject\",\"inLanguage\":\"de\",\"@id\":\"https:\/\/landing.flexsis.it\/de\/#\/schema\/logo\/image\/\",\"url\":\"https:\/\/landing.flexsis.it\/wp-content\/uploads\/2024\/02\/flexsis_696x696.jpg\",\"contentUrl\":\"https:\/\/landing.flexsis.it\/wp-content\/uploads\/2024\/02\/flexsis_696x696.jpg\",\"width\":696,\"height\":696,\"caption\":\"Flexsis\"},\"image\":{\"@id\":\"https:\/\/landing.flexsis.it\/de\/#\/schema\/logo\/image\/\"}}]}<\/script>\n<!-- \/ Yoast SEO plugin. -->","yoast_head_json":{"title":"Flexsis","description":"Alle unsere Stellenangebote f\u00fcr die Bereiche Industrie, Technik, Bauwesen und \u00f6ffentliche Arbeiten, f\u00fcr feste oder befristete Stellen.","robots":{"index":"index","follow":"follow","max-snippet":"max-snippet:-1","max-image-preview":"max-image-preview:large","max-video-preview":"max-video-preview:-1"},"canonical":"https:\/\/landing.flexsis.it\/de\/stellensuche\/","og_locale":"de_DE","og_type":"article","og_title":"Stellensuche in der Industrie, im Baugewerbe, und in der Logistik - Flexsis","og_description":"Alle unsere Stellenangebote f\u00fcr die Bereiche Industrie, Technik, Bauwesen und \u00f6ffentliche Arbeiten, f\u00fcr feste oder befristete Stellen.","og_url":"https:\/\/landing.flexsis.it\/de\/stellensuche\/","og_site_name":"Flexsis","article_modified_time":"2025-01-30T09:22:00+00:00","og_image":[{"width":1200,"height":675,"url":"https:\/\/landing.flexsis.it\/wp-content\/uploads\/2024\/02\/flexsis_1200x675.jpg","type":"image\/jpeg"}],"twitter_card":"summary_large_image","schema":{"@context":"https:\/\/schema.org","@graph":[{"@type":"WebPage","@id":"https:\/\/landing.flexsis.it\/de\/stellensuche\/","url":"https:\/\/landing.flexsis.it\/de\/stellensuche\/","name":"Stellensuche in der Industrie, im Baugewerbe, und in der Logistik - Flexsis","isPartOf":{"@id":"https:\/\/landing.flexsis.it\/de\/#website"},"datePublished":"2023-11-15T17:47:57+00:00","dateModified":"2025-01-30T09:22:00+00:00","description":"Alle unsere Stellenangebote f\u00fcr die Bereiche Industrie, Technik, Bauwesen und \u00f6ffentliche Arbeiten, f\u00fcr feste oder befristete Stellen.","breadcrumb":{"@id":"https:\/\/landing.flexsis.it\/de\/stellensuche\/#breadcrumb"},"inLanguage":"de","potentialAction":[{"@type":"ReadAction","target":["https:\/\/landing.flexsis.it\/de\/stellensuche\/"]}]},{"@type":"BreadcrumbList","@id":"https:\/\/landing.flexsis.it\/de\/stellensuche\/#breadcrumb","itemListElement":[{"@type":"ListItem","position":1,"name":"Accueil","item":"https:\/\/landing.flexsis.it\/de\/"},{"@type":"ListItem","position":2,"name":"Stellensuche in der Industrie, im Baugewerbe, und in der Logistik"}]},{"@type":"WebSite","@id":"https:\/\/landing.flexsis.it\/de\/#website","url":"https:\/\/landing.flexsis.it\/de\/","name":"Flexsis","description":"Personalrekrutierung- und vermittlung, fest und tempor\u00e4r","publisher":{"@id":"https:\/\/landing.flexsis.it\/de\/#organization"},"potentialAction":[{"@type":"SearchAction","target":{"@type":"EntryPoint","urlTemplate":"https:\/\/landing.flexsis.it\/de\/?s={search_term_string}"},"query-input":{"@type":"PropertyValueSpecification","valueRequired":true,"valueName":"search_term_string"}}],"inLanguage":"de"},{"@type":"Organization","@id":"https:\/\/landing.flexsis.it\/de\/#organization","name":"Flexsis","url":"https:\/\/landing.flexsis.it\/de\/","logo":{"@type":"ImageObject","inLanguage":"de","@id":"https:\/\/landing.flexsis.it\/de\/#\/schema\/logo\/image\/","url":"https:\/\/landing.flexsis.it\/wp-content\/uploads\/2024\/02\/flexsis_696x696.jpg","contentUrl":"https:\/\/landing.flexsis.it\/wp-content\/uploads\/2024\/02\/flexsis_696x696.jpg","width":696,"height":696,"caption":"Flexsis"},"image":{"@id":"https:\/\/landing.flexsis.it\/de\/#\/schema\/logo\/image\/"}}]}},"_links":{"self":[{"href":"https:\/\/landing.flexsis.it\/de\/wp-json\/wp\/v2\/pages\/240","targetHints":{"allow":["GET"]}}],"collection":[{"href":"https:\/\/landing.flexsis.it\/de\/wp-json\/wp\/v2\/pages"}],"about":[{"href":"https:\/\/landing.flexsis.it\/de\/wp-json\/wp\/v2\/types\/page"}],"author":[{"embeddable":true,"href":"https:\/\/landing.flexsis.it\/de\/wp-json\/wp\/v2\/users\/2"}],"replies":[{"embeddable":true,"href":"https:\/\/landing.flexsis.it\/de\/wp-json\/wp\/v2\/comments?post=240"}],"version-history":[{"count":2,"href":"https:\/\/landing.flexsis.it\/de\/wp-json\/wp\/v2\/pages\/240\/revisions"}],"predecessor-version":[{"id":1536,"href":"https:\/\/landing.flexsis.it\/de\/wp-json\/wp\/v2\/pages\/240\/revisions\/1536"}],"wp:attachment":[{"href":"https:\/\/landing.flexsis.it\/de\/wp-json\/wp\/v2\/media?parent=240"}],"curies":[{"name":"wp","href":"https:\/\/api.w.org\/{rel}","templated":true}]}}