{"id":313,"date":"2023-12-08T09:11:27","date_gmt":"2023-12-08T08:11:27","guid":{"rendered":"https:\/\/landing.flexsis.it\/?page_id=313"},"modified":"2023-12-13T18:35:14","modified_gmt":"2023-12-13T17:35:14","slug":"kontakt-flexsis","status":"publish","type":"page","link":"https:\/\/landing.flexsis.it\/de\/kontakt-flexsis\/","title":{"rendered":"Kontakt aufnehmen"},"content":{"rendered":"\n<div class=\"wpcf7 no-js\" id=\"wpcf7-f309-o1\" lang=\"de-DE\" dir=\"ltr\" data-wpcf7-id=\"309\">\n<div class=\"screen-reader-response\"><p role=\"status\" aria-live=\"polite\" aria-atomic=\"true\"><\/p> <ul><\/ul><\/div>\n<form action=\"\/de\/wp-json\/wp\/v2\/pages\/313#wpcf7-f309-o1\" method=\"post\" class=\"wpcf7-form init\" aria-label=\"Kontaktformular\" novalidate=\"novalidate\" data-status=\"init\">\n<fieldset class=\"hidden-fields-container\"><input type=\"hidden\" name=\"_wpcf7\" value=\"309\" \/><input type=\"hidden\" name=\"_wpcf7_version\" value=\"6.1.3\" \/><input type=\"hidden\" name=\"_wpcf7_locale\" value=\"de_DE\" \/><input type=\"hidden\" name=\"_wpcf7_unit_tag\" value=\"wpcf7-f309-o1\" \/><input type=\"hidden\" name=\"_wpcf7_container_post\" value=\"0\" \/><input type=\"hidden\" name=\"_wpcf7_posted_data_hash\" value=\"\" \/><input type=\"hidden\" name=\"_wpcf7cf_hidden_group_fields\" value=\"[]\" \/><input type=\"hidden\" name=\"_wpcf7cf_hidden_groups\" value=\"[]\" \/><input type=\"hidden\" name=\"_wpcf7cf_visible_groups\" value=\"[]\" \/><input type=\"hidden\" name=\"_wpcf7cf_repeaters\" value=\"[]\" \/><input type=\"hidden\" name=\"_wpcf7cf_steps\" value=\"{}\" \/><input type=\"hidden\" name=\"_wpcf7cf_options\" value=\"{&quot;form_id&quot;:309,&quot;conditions&quot;:[{&quot;then_field&quot;:&quot;group-candidat&quot;,&quot;and_rules&quot;:[{&quot;if_field&quot;:&quot;checkboxcible&quot;,&quot;operator&quot;:&quot;equals&quot;,&quot;if_value&quot;:&quot;ein\\\/e Kandidat\\\/in&quot;}]},{&quot;then_field&quot;:&quot;group-entreprise&quot;,&quot;and_rules&quot;:[{&quot;if_field&quot;:&quot;checkboxcible&quot;,&quot;operator&quot;:&quot;equals&quot;,&quot;if_value&quot;:&quot;ein Unternehmen&quot;}]}],&quot;settings&quot;:{&quot;animation&quot;:&quot;yes&quot;,&quot;animation_intime&quot;:200,&quot;animation_outtime&quot;:200,&quot;conditions_ui&quot;:&quot;normal&quot;,&quot;notice_dismissed&quot;:false,&quot;notice_dismissed_rollback-cf7-5.8.3&quot;:true}}\" \/><input type=\"hidden\" name=\"_wpcf7_recaptcha_response\" value=\"\" \/>\n<\/fieldset>\n<div class=\"form-section\">\n\t<div class=\"form-section-title\">\n\t\t<h2 class=\"h4 col-orange\"><span class=\"material-symbols-outlined fill big-1 pe-3 mb-2\">person<\/span><strong>Ich bin<\/strong>\n\t\t<\/h2>\n\t<hr class=\"hr\" \/>\n\t\t<p><span class=\"wpcf7-form-control-wrap\" data-name=\"checkboxcible\"><span class=\"wpcf7-form-control wpcf7-checkbox wpcf7-validates-as-required wpcf7-exclusive-checkbox\" id=\"listecible\"><span class=\"wpcf7-list-item first\"><label><input type=\"checkbox\" name=\"checkboxcible\" value=\"ein Unternehmen\" \/><span class=\"wpcf7-list-item-label\">ein Unternehmen<\/span><\/label><\/span><span class=\"wpcf7-list-item last\"><label><input type=\"checkbox\" name=\"checkboxcible\" value=\"ein\/e Kandidat\/in\" \/><span class=\"wpcf7-list-item-label\">ein\/e Kandidat\/in<\/span><\/label><\/span><\/span><\/span>\n\t\t<\/p>\n\t<\/div>\n\t<div data-id=\"group-candidat\" data-orig_data_id=\"group-candidat\"  class=\"\" data-class=\"wpcf7cf_group\">\n\t\t<p class=\"p py-4\">Vielen Dank f\u00fcr Ihr Interesse an Flexsis.<br \/>\nWenn Sie auf Stellensuche sind, laden wir Sie ein, unsere aktuellen Stellenangebote zu erkunden.<br \/>\nWenn Sie sich spontan bewerben m\u00f6chten, \u00fcbermitteln Sie uns bitte Ihr Dossier \u00fcber unser Online-Formular \u00abSpontanbewerbung\u00bb. Die Flexsis-Agentur in Ihrer N\u00e4he kontaktiert Sie nach Erhalt Ihrer Unterlagen.<br \/>\nWenn Sie Kontakt mit der Flexsis-Agentur in Ihrer N\u00e4he aufnehmen m\u00f6chten, finden Sie die Kontaktdaten im Men\u00fc \u00abAgenturen\u00bb.\n\t\t<\/p>\n\t\t<p>Wir freuen uns, bald von Ihnen zu h\u00f6ren!\n\t\t<\/p>\n\t\t<div class=\"cf7-candidat-action\">\n\t\t\t<p><a href=\"\/de\/stellensuche\/\" class=\"btn-black-full\">Stellenangebote<\/a><br \/>\n<a href=\"\/de\/job-anwenden\/\" class=\"btn-black-outline\">Spontanbewerbung<\/a>\n\t\t\t<\/p>\n\t\t<\/div>\n\t<\/div>\n\t<div data-id=\"group-entreprise\" data-orig_data_id=\"group-entreprise\"  class=\"\" data-class=\"wpcf7cf_group\">\n\t\t<div class=\"form-section-title py-3\">\n\t\t\t<h2 class=\"h4 col-orange\"><span class=\"material-symbols-outlined fill big-1 pe-3 mb-2\">person<\/span><strong>Ihre pers\u00f6nlichen Daten<\/strong>\n\t\t\t<\/h2>\n\t\t<hr class=\"hr\" \/>\n\t\t<\/div>\n\t\t<div class=\"row\">\n\t\t\t<div class=\"col-md-6\">\n\t\t\t\t<p><label class=\"form-label txt-s\">Unternehmen<span class=\"col-red\">*<\/span><\/label>\n\t\t\t\t<\/p>\n\t\t\t\t<div class=\"p\">\n\t\t\t\t\t<p><span class=\"wpcf7-form-control-wrap\" data-name=\"your-entreprise\"><input size=\"40\" maxlength=\"400\" class=\"wpcf7-form-control wpcf7-text wpcf7-validates-as-required\" aria-required=\"true\" aria-invalid=\"false\" placeholder=\"Unternehmen\" value=\"\" type=\"text\" name=\"your-entreprise\" \/><\/span>\n\t\t\t\t\t<\/p>\n\t\t\t\t<\/div>\n\t\t\t<\/div>\n\t\t<\/div>\n\t\t<div class=\"row\">\n\t\t\t<div class=\"col-md-6\">\n\t\t\t\t<p><label class=\"form-label txt-s\">Vorname<span class=\"col-red\">*<\/span><\/label>\n\t\t\t\t<\/p>\n\t\t\t\t<div class=\"p\">\n\t\t\t\t\t<p><span class=\"wpcf7-form-control-wrap\" data-name=\"your-name\"><input size=\"40\" maxlength=\"400\" class=\"wpcf7-form-control wpcf7-text wpcf7-validates-as-required\" aria-required=\"true\" aria-invalid=\"false\" placeholder=\"Vorname\" value=\"\" type=\"text\" name=\"your-name\" \/><\/span>\n\t\t\t\t\t<\/p>\n\t\t\t\t<\/div>\n\t\t\t<\/div>\n\t\t\t<div class=\"col-md-6\">\n\t\t\t\t<p><label class=\"form-label txt-s\">Nachname<span class=\"col-red\">*<\/span><\/label>\n\t\t\t\t<\/p>\n\t\t\t\t<div class=\"p\">\n\t\t\t\t\t<p><span class=\"wpcf7-form-control-wrap\" data-name=\"your-surname\"><input size=\"40\" maxlength=\"400\" class=\"wpcf7-form-control wpcf7-text wpcf7-validates-as-required\" aria-required=\"true\" aria-invalid=\"false\" placeholder=\"Nachname\" value=\"\" type=\"text\" name=\"your-surname\" \/><\/span>\n\t\t\t\t\t<\/p>\n\t\t\t\t<\/div>\n\t\t\t<\/div>\n\t\t<\/div>\n\t\t<div class=\"row\">\n\t\t\t<div class=\"col-md-6\">\n\t\t\t\t<p><label class=\"form-label txt-s\">E-mail<span class=\"col-red\">*<\/span><\/label>\n\t\t\t\t<\/p>\n\t\t\t\t<div class=\"p\">\n\t\t\t\t\t<p><span class=\"wpcf7-form-control-wrap\" data-name=\"your-email\"><input size=\"40\" maxlength=\"400\" class=\"wpcf7-form-control wpcf7-email wpcf7-validates-as-required wpcf7-text wpcf7-validates-as-email\" aria-required=\"true\" aria-invalid=\"false\" placeholder=\"E-mail\" value=\"\" type=\"email\" name=\"your-email\" \/><\/span>\n\t\t\t\t\t<\/p>\n\t\t\t\t<\/div>\n\t\t\t<\/div>\n\t\t\t<div class=\"col-md-6\">\n\t\t\t\t<p><label class=\"form-label txt-s\">Mobiltelefon<span class=\"col-red\">*<\/span><\/label>\n\t\t\t\t<\/p>\n\t\t\t\t<div class=\"p\">\n\t\t\t\t\t<p><span class=\"wpcf7-form-control-wrap\" data-name=\"your-phone\"><input size=\"40\" maxlength=\"400\" class=\"wpcf7-form-control wpcf7-text wpcf7-validates-as-required\" aria-required=\"true\" aria-invalid=\"false\" placeholder=\"Mobiltelefon\" value=\"\" type=\"text\" name=\"your-phone\" \/><\/span>\n\t\t\t\t\t<\/p>\n\t\t\t\t<\/div>\n\t\t\t<\/div>\n\t\t<\/div>\n\t\t<div class=\"form-section-title py-3\">\n\t\t\t<h2 class=\"h4 col-orange\"><span class=\"material-symbols-outlined fill big-1 pe-3 mb-2\">mail<\/span><strong>Ihre Mitteilung<\/strong>\n\t\t\t<\/h2>\n\t\t<hr class=\"hr\" \/>\n\t\t<\/div>\n\t\t<div class=\"row\">\n\t\t\t<div class=\"col-md-6\">\n\t\t\t\t<p><label class=\"form-label txt-s\">Auswahl der Agentur<span class=\"col-red\">*<\/span><\/label>\n\t\t\t\t<\/p>\n\t\t\t\t<div class=\"p\">\n\t\t\t\t\t<p><span class=\"wpcf7-form-control-wrap\" data-name=\"agence\"><select class=\"wpcf7-form-control wpcf7-select wpcf7-validates-as-required\" aria-required=\"true\" aria-invalid=\"false\" name=\"agence\"><option value=\"Flexsis - Aarau\">Flexsis - Aarau<\/option><option value=\"Flexsis - Bellinzona\">Flexsis - Bellinzona<\/option><option value=\"Flexsis - Bern\">Flexsis - Bern<\/option><option value=\"Flexsis - Bienne\">Flexsis - Bienne<\/option><option value=\"Flexsis - Bulle\">Flexsis - Bulle<\/option><option value=\"Flexsis - Chur\">Flexsis - Chur<\/option><option value=\"Flexsis - Egerkingen\">Flexsis - Egerkingen<\/option><option value=\"Flexsis - Fribourg\">Flexsis - Fribourg<\/option><option value=\"Flexsis - Fribourg Fixe\">Flexsis - Fribourg Fixe<\/option><option value=\"Flexsis - Frick\">Flexsis - Frick<\/option><option value=\"Flexsis - Gen\u00e8ve Industrie\">Flexsis - Gen\u00e8ve Industrie<\/option><option value=\"Flexsis - Gen\u00e8ve Palexpo\">Flexsis - Gen\u00e8ve Palexpo<\/option><option value=\"Flexsis - Gen\u00e8ve Secteur B\u00e2timent\">Flexsis - Gen\u00e8ve Secteur B\u00e2timent<\/option><option value=\"Flexsis - La Chaux-de-Fonds\">Flexsis - La Chaux-de-Fonds<\/option><option value=\"Flexsis - Lausanne B\u00e2timent\">Flexsis - Lausanne B\u00e2timent<\/option><option value=\"Flexsis - Lausanne Industrie\">Flexsis - Lausanne Industrie<\/option><option value=\"Flexsis - Le Sentier\">Flexsis - Le Sentier<\/option><option value=\"Flexsis - Luzern\">Flexsis - Luzern<\/option><option value=\"Flexsis - Lugano\">Flexsis - Lugano<\/option><option value=\"Flexsis - Monthey\">Flexsis - Monthey<\/option><option value=\"Flexsis - Montreux\">Flexsis - Montreux<\/option><option value=\"Flexsis - Morges\">Flexsis - Morges<\/option><option value=\"Flexsis - Neuchatel\">Flexsis - Neuchatel<\/option><option value=\"Flexsis - Neuenhof Bau &amp; Handwerk\">Flexsis - Neuenhof Bau &amp; Handwerk<\/option><option value=\"Flexsis - Neuenhof Food &amp; Non-Food\">Flexsis - Neuenhof Food &amp; Non-Food<\/option><option value=\"Flexsis - Neuenhof Industrie &amp; Technik\">Flexsis - Neuenhof Industrie &amp; Technik<\/option><option value=\"Flexsis - Payerne\">Flexsis - Payerne<\/option><option value=\"Flexsis - Porrentruy\">Flexsis - Porrentruy<\/option><option value=\"Flexsis - Pratteln\">Flexsis - Pratteln<\/option><option value=\"Flexsis - Rapperswil\">Flexsis - Rapperswil<\/option><option value=\"Flexsis - Rolle\">Flexsis - Rolle<\/option><option value=\"Flexsis - Sion\">Flexsis - Sion<\/option><option value=\"Flexsis - Solothurn\">Flexsis - Solothurn<\/option><option value=\"Flexsis - St. Gallen\">Flexsis - St. Gallen<\/option><option value=\"Flexsis - Sursee\">Flexsis - Sursee<\/option><option value=\"Flexsis - Vevey\">Flexsis - Vevey<\/option><option value=\"Flexsis - Vi\u00e8ge\">Flexsis - Vi\u00e8ge<\/option><option value=\"Flexsis - Wil\">Flexsis - Wil<\/option><option value=\"Flexsis - Wohlen\">Flexsis - Wohlen<\/option><option value=\"Flexsis - Yverdon\">Flexsis - Yverdon<\/option><option value=\"Flexsis - Z\u00fcrich Bau\">Flexsis - Z\u00fcrich Bau<\/option><option value=\"Flexsis - Z\u00fcrich Technik\">Flexsis - Z\u00fcrich Technik<\/option><option value=\"Flexsis - Z\u00fcrich Life Science\">Flexsis - Z\u00fcrich Life Science<\/option><\/select><\/span>\n\t\t\t\t\t<\/p>\n\t\t\t\t<\/div>\n\t\t\t<\/div>\n\t\t<\/div>\n\t\t<div class=\"row\">\n\t\t\t<div class=\"col-12\">\n\t\t\t\t<p><label class=\"form-label txt-s\">Mitteilung<span class=\"col-red\">*<\/span><\/label>\n\t\t\t\t<\/p>\n\t\t\t\t<div class=\"p\">\n\t\t\t\t\t<p><span class=\"wpcf7-form-control-wrap\" data-name=\"message\"><textarea cols=\"40\" rows=\"10\" maxlength=\"2000\" class=\"wpcf7-form-control wpcf7-textarea wpcf7-validates-as-required\" id=\"contact-submitEntreprise\" aria-required=\"true\" aria-invalid=\"false\" placeholder=\"Beschreiben Sie uns Ihr Anliegen.\" name=\"message\"><\/textarea><\/span>\n\t\t\t\t\t<\/p>\n\t\t\t\t<\/div>\n\t\t\t<\/div>\n\t\t<\/div>\n\t\t<div class=\"form-section-title py-3\">\n\t\t\t<h2 class=\"h4 col-orange\"><span class=\"material-symbols-outlined fill big-1 pe-3 mb-2\">person<\/span><strong>Datenschutzbestimmungen<\/strong>\n\t\t\t<\/h2>\n\t\t<hr class=\"hr\" \/>\n\t\t\t<div class=\"ctc1 py-3\">\n\t\t\t\t<p>Ich akzeptiere <strong><a href='\/de\/datenschutzbestimmungen\/' class=\"col-orange\">die Datenschutzrichtlinien<\/a><\/strong> der Interiman Group und ihrer Tochtergesellschaften sowie deren Einwilligungserkl\u00e4rung. Ich nehme zur Kenntnis, dass ich diese jederzeit widerrufen\/\u00e4ndern kann.\n\t\t\t\t<\/p>\n\t\t\t<\/div>\n\t\t\t<p><span class=\"wpcf7-form-control-wrap\" data-name=\"checkbox-561\"><span class=\"wpcf7-form-control wpcf7-checkbox wpcf7-validates-as-required\" id=\"jaccepte\"><span class=\"wpcf7-list-item first last\"><input type=\"checkbox\" name=\"checkbox-561[]\" value=\"Ich akzeptiere\" \/><span class=\"wpcf7-list-item-label\">Ich akzeptiere<\/span><\/span><\/span><\/span>\n\t\t\t<\/p>\n\t\t<\/div>\n\t\t<div class=\"text-center\">\n\t\t\t<p><input class=\"wpcf7-form-control wpcf7-submit has-spinner\" type=\"submit\" value=\"Senden\" \/>\n\t\t\t<\/p>\n\t\t<\/div>\n\t<\/div>\n<\/div><p style=\"display: none !important;\" class=\"akismet-fields-container\" data-prefix=\"_wpcf7_ak_\"><label>&#916;<textarea name=\"_wpcf7_ak_hp_textarea\" cols=\"45\" rows=\"8\" maxlength=\"100\"><\/textarea><\/label><input type=\"hidden\" id=\"ak_js_1\" name=\"_wpcf7_ak_js\" value=\"220\"\/><script>document.getElementById( \"ak_js_1\" ).setAttribute( \"value\", ( new Date() ).getTime() );<\/script><\/p><div class=\"wpcf7-response-output\" aria-hidden=\"true\"><\/div>\n<\/form>\n<\/div>\n\n","protected":false},"excerpt":{"rendered":"<p> [&#8230;]<\/p>\n<p><a class=\"btn btn-secondary understrap-read-more-link\" href=\"https:\/\/landing.flexsis.it\/de\/kontakt-flexsis\/\">Weiterlesen&#8230;<span class=\"screen-reader-text\"> from Kontakt aufnehmen<\/span><\/a><\/p>\n","protected":false},"author":1,"featured_media":0,"parent":0,"menu_order":0,"comment_status":"closed","ping_status":"closed","template":"page-templates\/template-contact.php","meta":{"_monsterinsights_skip_tracking":false,"_monsterinsights_sitenote_active":false,"_monsterinsights_sitenote_note":"","_monsterinsights_sitenote_category":0,"footnotes":""},"class_list":["post-313","page","type-page","status-publish","hentry"],"yoast_head":"<!-- This site is optimized with the Yoast SEO plugin v26.2 - https:\/\/yoast.com\/wordpress\/plugins\/seo\/ -->\n<title>Flexsis<\/title>\n<meta name=\"description\" content=\"Ben\u00f6tigen Sie weitere Informationen zu unseren Vermittlungsdiensten? Nehmen Sie Kontakt mit unseren Flexsis-Personaldienstleistern auf.\" \/>\n<meta name=\"robots\" content=\"index, follow, max-snippet:-1, max-image-preview:large, max-video-preview:-1\" \/>\n<link rel=\"canonical\" href=\"https:\/\/landing.flexsis.it\/de\/kontakt-flexsis\/\" \/>\n<meta property=\"og:locale\" content=\"de_DE\" \/>\n<meta property=\"og:type\" content=\"article\" \/>\n<meta property=\"og:title\" content=\"Kontakt aufnehmen - Flexsis\" \/>\n<meta property=\"og:description\" content=\"Ben\u00f6tigen Sie weitere Informationen zu unseren Vermittlungsdiensten? Nehmen Sie Kontakt mit unseren Flexsis-Personaldienstleistern auf.\" \/>\n<meta property=\"og:url\" content=\"https:\/\/landing.flexsis.it\/de\/kontakt-flexsis\/\" \/>\n<meta property=\"og:site_name\" content=\"Flexsis\" \/>\n<meta property=\"article:modified_time\" content=\"2023-12-13T17:35:14+00:00\" \/>\n<meta property=\"og:image\" content=\"https:\/\/landing.flexsis.it\/wp-content\/uploads\/2024\/02\/flexsis_1200x675.jpg\" \/>\n\t<meta property=\"og:image:width\" content=\"1200\" \/>\n\t<meta property=\"og:image:height\" content=\"675\" \/>\n\t<meta property=\"og:image:type\" content=\"image\/jpeg\" \/>\n<meta name=\"twitter:card\" content=\"summary_large_image\" \/>\n<meta name=\"twitter:label1\" content=\"Gesch\u00e4tzte Lesezeit\" \/>\n\t<meta name=\"twitter:data1\" content=\"1\u00a0Minute\" \/>\n<script type=\"application\/ld+json\" class=\"yoast-schema-graph\">{\"@context\":\"https:\/\/schema.org\",\"@graph\":[{\"@type\":\"WebPage\",\"@id\":\"https:\/\/landing.flexsis.it\/de\/kontakt-flexsis\/\",\"url\":\"https:\/\/landing.flexsis.it\/de\/kontakt-flexsis\/\",\"name\":\"Kontakt aufnehmen - Flexsis\",\"isPartOf\":{\"@id\":\"https:\/\/landing.flexsis.it\/de\/#website\"},\"datePublished\":\"2023-12-08T08:11:27+00:00\",\"dateModified\":\"2023-12-13T17:35:14+00:00\",\"description\":\"Ben\u00f6tigen Sie weitere Informationen zu unseren Vermittlungsdiensten? Nehmen Sie Kontakt mit unseren Flexsis-Personaldienstleistern auf.\",\"breadcrumb\":{\"@id\":\"https:\/\/landing.flexsis.it\/de\/kontakt-flexsis\/#breadcrumb\"},\"inLanguage\":\"de\",\"potentialAction\":[{\"@type\":\"ReadAction\",\"target\":[\"https:\/\/landing.flexsis.it\/de\/kontakt-flexsis\/\"]}]},{\"@type\":\"BreadcrumbList\",\"@id\":\"https:\/\/landing.flexsis.it\/de\/kontakt-flexsis\/#breadcrumb\",\"itemListElement\":[{\"@type\":\"ListItem\",\"position\":1,\"name\":\"Accueil\",\"item\":\"https:\/\/landing.flexsis.it\/de\/\"},{\"@type\":\"ListItem\",\"position\":2,\"name\":\"Kontakt aufnehmen\"}]},{\"@type\":\"WebSite\",\"@id\":\"https:\/\/landing.flexsis.it\/de\/#website\",\"url\":\"https:\/\/landing.flexsis.it\/de\/\",\"name\":\"Flexsis\",\"description\":\"Personalrekrutierung- und vermittlung, fest und tempor\u00e4r\",\"publisher\":{\"@id\":\"https:\/\/landing.flexsis.it\/de\/#organization\"},\"potentialAction\":[{\"@type\":\"SearchAction\",\"target\":{\"@type\":\"EntryPoint\",\"urlTemplate\":\"https:\/\/landing.flexsis.it\/de\/?s={search_term_string}\"},\"query-input\":{\"@type\":\"PropertyValueSpecification\",\"valueRequired\":true,\"valueName\":\"search_term_string\"}}],\"inLanguage\":\"de\"},{\"@type\":\"Organization\",\"@id\":\"https:\/\/landing.flexsis.it\/de\/#organization\",\"name\":\"Flexsis\",\"url\":\"https:\/\/landing.flexsis.it\/de\/\",\"logo\":{\"@type\":\"ImageObject\",\"inLanguage\":\"de\",\"@id\":\"https:\/\/landing.flexsis.it\/de\/#\/schema\/logo\/image\/\",\"url\":\"https:\/\/landing.flexsis.it\/wp-content\/uploads\/2024\/02\/flexsis_696x696.jpg\",\"contentUrl\":\"https:\/\/landing.flexsis.it\/wp-content\/uploads\/2024\/02\/flexsis_696x696.jpg\",\"width\":696,\"height\":696,\"caption\":\"Flexsis\"},\"image\":{\"@id\":\"https:\/\/landing.flexsis.it\/de\/#\/schema\/logo\/image\/\"}}]}<\/script>\n<!-- \/ Yoast SEO plugin. -->","yoast_head_json":{"title":"Flexsis","description":"Ben\u00f6tigen Sie weitere Informationen zu unseren Vermittlungsdiensten? Nehmen Sie Kontakt mit unseren Flexsis-Personaldienstleistern auf.","robots":{"index":"index","follow":"follow","max-snippet":"max-snippet:-1","max-image-preview":"max-image-preview:large","max-video-preview":"max-video-preview:-1"},"canonical":"https:\/\/landing.flexsis.it\/de\/kontakt-flexsis\/","og_locale":"de_DE","og_type":"article","og_title":"Kontakt aufnehmen - Flexsis","og_description":"Ben\u00f6tigen Sie weitere Informationen zu unseren Vermittlungsdiensten? Nehmen Sie Kontakt mit unseren Flexsis-Personaldienstleistern auf.","og_url":"https:\/\/landing.flexsis.it\/de\/kontakt-flexsis\/","og_site_name":"Flexsis","article_modified_time":"2023-12-13T17:35:14+00:00","og_image":[{"width":1200,"height":675,"url":"https:\/\/landing.flexsis.it\/wp-content\/uploads\/2024\/02\/flexsis_1200x675.jpg","type":"image\/jpeg"}],"twitter_card":"summary_large_image","twitter_misc":{"Gesch\u00e4tzte Lesezeit":"1\u00a0Minute"},"schema":{"@context":"https:\/\/schema.org","@graph":[{"@type":"WebPage","@id":"https:\/\/landing.flexsis.it\/de\/kontakt-flexsis\/","url":"https:\/\/landing.flexsis.it\/de\/kontakt-flexsis\/","name":"Kontakt aufnehmen - Flexsis","isPartOf":{"@id":"https:\/\/landing.flexsis.it\/de\/#website"},"datePublished":"2023-12-08T08:11:27+00:00","dateModified":"2023-12-13T17:35:14+00:00","description":"Ben\u00f6tigen Sie weitere Informationen zu unseren Vermittlungsdiensten? Nehmen Sie Kontakt mit unseren Flexsis-Personaldienstleistern auf.","breadcrumb":{"@id":"https:\/\/landing.flexsis.it\/de\/kontakt-flexsis\/#breadcrumb"},"inLanguage":"de","potentialAction":[{"@type":"ReadAction","target":["https:\/\/landing.flexsis.it\/de\/kontakt-flexsis\/"]}]},{"@type":"BreadcrumbList","@id":"https:\/\/landing.flexsis.it\/de\/kontakt-flexsis\/#breadcrumb","itemListElement":[{"@type":"ListItem","position":1,"name":"Accueil","item":"https:\/\/landing.flexsis.it\/de\/"},{"@type":"ListItem","position":2,"name":"Kontakt aufnehmen"}]},{"@type":"WebSite","@id":"https:\/\/landing.flexsis.it\/de\/#website","url":"https:\/\/landing.flexsis.it\/de\/","name":"Flexsis","description":"Personalrekrutierung- und vermittlung, fest und tempor\u00e4r","publisher":{"@id":"https:\/\/landing.flexsis.it\/de\/#organization"},"potentialAction":[{"@type":"SearchAction","target":{"@type":"EntryPoint","urlTemplate":"https:\/\/landing.flexsis.it\/de\/?s={search_term_string}"},"query-input":{"@type":"PropertyValueSpecification","valueRequired":true,"valueName":"search_term_string"}}],"inLanguage":"de"},{"@type":"Organization","@id":"https:\/\/landing.flexsis.it\/de\/#organization","name":"Flexsis","url":"https:\/\/landing.flexsis.it\/de\/","logo":{"@type":"ImageObject","inLanguage":"de","@id":"https:\/\/landing.flexsis.it\/de\/#\/schema\/logo\/image\/","url":"https:\/\/landing.flexsis.it\/wp-content\/uploads\/2024\/02\/flexsis_696x696.jpg","contentUrl":"https:\/\/landing.flexsis.it\/wp-content\/uploads\/2024\/02\/flexsis_696x696.jpg","width":696,"height":696,"caption":"Flexsis"},"image":{"@id":"https:\/\/landing.flexsis.it\/de\/#\/schema\/logo\/image\/"}}]}},"_links":{"self":[{"href":"https:\/\/landing.flexsis.it\/de\/wp-json\/wp\/v2\/pages\/313","targetHints":{"allow":["GET"]}}],"collection":[{"href":"https:\/\/landing.flexsis.it\/de\/wp-json\/wp\/v2\/pages"}],"about":[{"href":"https:\/\/landing.flexsis.it\/de\/wp-json\/wp\/v2\/types\/page"}],"author":[{"embeddable":true,"href":"https:\/\/landing.flexsis.it\/de\/wp-json\/wp\/v2\/users\/1"}],"replies":[{"embeddable":true,"href":"https:\/\/landing.flexsis.it\/de\/wp-json\/wp\/v2\/comments?post=313"}],"version-history":[{"count":1,"href":"https:\/\/landing.flexsis.it\/de\/wp-json\/wp\/v2\/pages\/313\/revisions"}],"predecessor-version":[{"id":315,"href":"https:\/\/landing.flexsis.it\/de\/wp-json\/wp\/v2\/pages\/313\/revisions\/315"}],"wp:attachment":[{"href":"https:\/\/landing.flexsis.it\/de\/wp-json\/wp\/v2\/media?parent=313"}],"curies":[{"name":"wp","href":"https:\/\/api.w.org\/{rel}","templated":true}]}}