{"id":1247,"date":"2024-04-30T14:55:35","date_gmt":"2024-04-30T12:55:35","guid":{"rendered":"https:\/\/landing.flexsis.it\/?page_id=1247"},"modified":"2024-04-30T14:55:35","modified_gmt":"2024-04-30T12:55:35","slug":"nos-conseils","status":"publish","type":"page","link":"https:\/\/landing.flexsis.it\/fr\/nos-conseils\/","title":{"rendered":"Nos conseils: Comment r\u00e9ussir sa candidature, de la cr\u00e9ation de son dossier de postulation \u00e0 l\u2019entretien d\u2019embauche."},"content":{"rendered":"","protected":false},"excerpt":{"rendered":"<p> [&#8230;]<\/p>\n<p><a class=\"btn btn-secondary understrap-read-more-link\" href=\"https:\/\/landing.flexsis.it\/fr\/nos-conseils\/\">Lire la suite\u2026<span class=\"screen-reader-text\"> from Nos conseils: Comment r\u00e9ussir sa candidature, de la cr\u00e9ation de son dossier de postulation \u00e0 l\u2019entretien d\u2019embauche.<\/span><\/a><\/p>\n","protected":false},"author":1,"featured_media":0,"parent":0,"menu_order":0,"comment_status":"closed","ping_status":"closed","template":"page-templates\/template-conseils.php","meta":{"_monsterinsights_skip_tracking":false,"_monsterinsights_sitenote_active":false,"_monsterinsights_sitenote_note":"","_monsterinsights_sitenote_category":0,"footnotes":""},"class_list":["post-1247","page","type-page","status-publish","hentry"],"yoast_head":"<!-- This site is optimized with the Yoast SEO plugin v26.2 - https:\/\/yoast.com\/wordpress\/plugins\/seo\/ -->\n<title>Flexsis<\/title>\n<meta name=\"description\" content=\"La recherche d&#039;emploi peux \u00eatre une source d&#039;angoisse et de d\u00e9motivation, avec quelques bonnes habitudes et un bon dossier de candidature, votre recherche devrait en \u00eatre facilit\u00e9e. Au travers de nos diff\u00e9rents articles vous trouverez des conseils sur toutes les \u00e9tapes d&#039;une recherche d&#039;emploi, de la cr\u00e9ation de votre dossier de candidature \u00e0 l&#039;entretien d&#039;embauche.\" \/>\n<meta name=\"robots\" content=\"index, follow, max-snippet:-1, max-image-preview:large, max-video-preview:-1\" \/>\n<link rel=\"canonical\" href=\"https:\/\/www.interiman-group.ch\/nos-conseils\/\" \/>\n<meta property=\"og:locale\" content=\"fr_FR\" \/>\n<meta property=\"og:type\" content=\"article\" \/>\n<meta property=\"og:title\" content=\"Nos conseils: Comment r\u00e9ussir sa candidature, de la cr\u00e9ation de son dossier de postulation \u00e0 l\u2019entretien d\u2019embauche. - Flexsis\" \/>\n<meta property=\"og:description\" content=\"La recherche d&#039;emploi peux \u00eatre une source d&#039;angoisse et de d\u00e9motivation, avec quelques bonnes habitudes et un bon dossier de candidature, votre recherche devrait en \u00eatre facilit\u00e9e. Au travers de nos diff\u00e9rents articles vous trouverez des conseils sur toutes les \u00e9tapes d&#039;une recherche d&#039;emploi, de la cr\u00e9ation de votre dossier de candidature \u00e0 l&#039;entretien d&#039;embauche.\" \/>\n<meta property=\"og:url\" content=\"https:\/\/www.interiman-group.ch\/nos-conseils\/\" \/>\n<meta property=\"og:site_name\" content=\"Flexsis\" \/>\n<meta property=\"og:image\" content=\"https:\/\/landing.flexsis.it\/wp-content\/uploads\/2024\/02\/flexsis_1200x675.jpg\" \/>\n\t<meta property=\"og:image:width\" content=\"1200\" \/>\n\t<meta property=\"og:image:height\" content=\"675\" \/>\n\t<meta property=\"og:image:type\" content=\"image\/jpeg\" \/>\n<meta name=\"twitter:card\" content=\"summary_large_image\" \/>\n<script type=\"application\/ld+json\" class=\"yoast-schema-graph\">{\"@context\":\"https:\/\/schema.org\",\"@graph\":[{\"@type\":\"WebPage\",\"@id\":\"https:\/\/landing.flexsis.it\/fr\/nos-conseils\/\",\"url\":\"https:\/\/www.interiman-group.ch\/nos-conseils\/\",\"name\":\"Nos conseils: Comment r\u00e9ussir sa candidature, de la cr\u00e9ation de son dossier de postulation \u00e0 l\u2019entretien d\u2019embauche. - Flexsis\",\"isPartOf\":{\"@id\":\"https:\/\/landing.flexsis.it\/fr\/#website\"},\"datePublished\":\"2024-04-30T12:55:35+00:00\",\"description\":\"La recherche d'emploi peux \u00eatre une source d'angoisse et de d\u00e9motivation, avec quelques bonnes habitudes et un bon dossier de candidature, votre recherche devrait en \u00eatre facilit\u00e9e. Au travers de nos diff\u00e9rents articles vous trouverez des conseils sur toutes les \u00e9tapes d'une recherche d'emploi, de la cr\u00e9ation de votre dossier de candidature \u00e0 l'entretien d'embauche.\",\"breadcrumb\":{\"@id\":\"https:\/\/www.interiman-group.ch\/nos-conseils\/#breadcrumb\"},\"inLanguage\":\"fr-FR\",\"potentialAction\":[{\"@type\":\"ReadAction\",\"target\":[\"https:\/\/www.interiman-group.ch\/nos-conseils\/\"]}]},{\"@type\":\"BreadcrumbList\",\"@id\":\"https:\/\/www.interiman-group.ch\/nos-conseils\/#breadcrumb\",\"itemListElement\":[{\"@type\":\"ListItem\",\"position\":1,\"name\":\"Accueil\",\"item\":\"https:\/\/landing.flexsis.it\/fr\/\"},{\"@type\":\"ListItem\",\"position\":2,\"name\":\"Nos conseils: Comment r\u00e9ussir sa candidature, de la cr\u00e9ation de son dossier de postulation \u00e0 l\u2019entretien d\u2019embauche.\"}]},{\"@type\":\"WebSite\",\"@id\":\"https:\/\/landing.flexsis.it\/fr\/#website\",\"url\":\"https:\/\/landing.flexsis.it\/fr\/\",\"name\":\"Flexsis\",\"description\":\"Recrutement et s\u00e9lection de candidats pour les secteurs de l&#039;industrie, de la technique, du b\u00e2timent et des travaux publics, pour des postes fixes ou temporaires\",\"publisher\":{\"@id\":\"https:\/\/landing.flexsis.it\/fr\/#organization\"},\"potentialAction\":[{\"@type\":\"SearchAction\",\"target\":{\"@type\":\"EntryPoint\",\"urlTemplate\":\"https:\/\/landing.flexsis.it\/fr\/?s={search_term_string}\"},\"query-input\":{\"@type\":\"PropertyValueSpecification\",\"valueRequired\":true,\"valueName\":\"search_term_string\"}}],\"inLanguage\":\"fr-FR\"},{\"@type\":\"Organization\",\"@id\":\"https:\/\/landing.flexsis.it\/fr\/#organization\",\"name\":\"Flexsis\",\"url\":\"https:\/\/landing.flexsis.it\/fr\/\",\"logo\":{\"@type\":\"ImageObject\",\"inLanguage\":\"fr-FR\",\"@id\":\"https:\/\/landing.flexsis.it\/fr\/#\/schema\/logo\/image\/\",\"url\":\"https:\/\/landing.flexsis.it\/wp-content\/uploads\/2024\/02\/flexsis_696x696.jpg\",\"contentUrl\":\"https:\/\/landing.flexsis.it\/wp-content\/uploads\/2024\/02\/flexsis_696x696.jpg\",\"width\":696,\"height\":696,\"caption\":\"Flexsis\"},\"image\":{\"@id\":\"https:\/\/landing.flexsis.it\/fr\/#\/schema\/logo\/image\/\"}}]}<\/script>\n<!-- \/ Yoast SEO plugin. -->","yoast_head_json":{"title":"Flexsis","description":"La recherche d'emploi peux \u00eatre une source d'angoisse et de d\u00e9motivation, avec quelques bonnes habitudes et un bon dossier de candidature, votre recherche devrait en \u00eatre facilit\u00e9e. Au travers de nos diff\u00e9rents articles vous trouverez des conseils sur toutes les \u00e9tapes d'une recherche d'emploi, de la cr\u00e9ation de votre dossier de candidature \u00e0 l'entretien d'embauche.","robots":{"index":"index","follow":"follow","max-snippet":"max-snippet:-1","max-image-preview":"max-image-preview:large","max-video-preview":"max-video-preview:-1"},"canonical":"https:\/\/www.interiman-group.ch\/nos-conseils\/","og_locale":"fr_FR","og_type":"article","og_title":"Nos conseils: Comment r\u00e9ussir sa candidature, de la cr\u00e9ation de son dossier de postulation \u00e0 l\u2019entretien d\u2019embauche. - Flexsis","og_description":"La recherche d'emploi peux \u00eatre une source d'angoisse et de d\u00e9motivation, avec quelques bonnes habitudes et un bon dossier de candidature, votre recherche devrait en \u00eatre facilit\u00e9e. Au travers de nos diff\u00e9rents articles vous trouverez des conseils sur toutes les \u00e9tapes d'une recherche d'emploi, de la cr\u00e9ation de votre dossier de candidature \u00e0 l'entretien d'embauche.","og_url":"https:\/\/www.interiman-group.ch\/nos-conseils\/","og_site_name":"Flexsis","og_image":[{"width":1200,"height":675,"url":"https:\/\/landing.flexsis.it\/wp-content\/uploads\/2024\/02\/flexsis_1200x675.jpg","type":"image\/jpeg"}],"twitter_card":"summary_large_image","schema":{"@context":"https:\/\/schema.org","@graph":[{"@type":"WebPage","@id":"https:\/\/landing.flexsis.it\/fr\/nos-conseils\/","url":"https:\/\/www.interiman-group.ch\/nos-conseils\/","name":"Nos conseils: Comment r\u00e9ussir sa candidature, de la cr\u00e9ation de son dossier de postulation \u00e0 l\u2019entretien d\u2019embauche. - Flexsis","isPartOf":{"@id":"https:\/\/landing.flexsis.it\/fr\/#website"},"datePublished":"2024-04-30T12:55:35+00:00","description":"La recherche d'emploi peux \u00eatre une source d'angoisse et de d\u00e9motivation, avec quelques bonnes habitudes et un bon dossier de candidature, votre recherche devrait en \u00eatre facilit\u00e9e. Au travers de nos diff\u00e9rents articles vous trouverez des conseils sur toutes les \u00e9tapes d'une recherche d'emploi, de la cr\u00e9ation de votre dossier de candidature \u00e0 l'entretien d'embauche.","breadcrumb":{"@id":"https:\/\/www.interiman-group.ch\/nos-conseils\/#breadcrumb"},"inLanguage":"fr-FR","potentialAction":[{"@type":"ReadAction","target":["https:\/\/www.interiman-group.ch\/nos-conseils\/"]}]},{"@type":"BreadcrumbList","@id":"https:\/\/www.interiman-group.ch\/nos-conseils\/#breadcrumb","itemListElement":[{"@type":"ListItem","position":1,"name":"Accueil","item":"https:\/\/landing.flexsis.it\/fr\/"},{"@type":"ListItem","position":2,"name":"Nos conseils: Comment r\u00e9ussir sa candidature, de la cr\u00e9ation de son dossier de postulation \u00e0 l\u2019entretien d\u2019embauche."}]},{"@type":"WebSite","@id":"https:\/\/landing.flexsis.it\/fr\/#website","url":"https:\/\/landing.flexsis.it\/fr\/","name":"Flexsis","description":"Recrutement et s\u00e9lection de candidats pour les secteurs de l&#039;industrie, de la technique, du b\u00e2timent et des travaux publics, pour des postes fixes ou temporaires","publisher":{"@id":"https:\/\/landing.flexsis.it\/fr\/#organization"},"potentialAction":[{"@type":"SearchAction","target":{"@type":"EntryPoint","urlTemplate":"https:\/\/landing.flexsis.it\/fr\/?s={search_term_string}"},"query-input":{"@type":"PropertyValueSpecification","valueRequired":true,"valueName":"search_term_string"}}],"inLanguage":"fr-FR"},{"@type":"Organization","@id":"https:\/\/landing.flexsis.it\/fr\/#organization","name":"Flexsis","url":"https:\/\/landing.flexsis.it\/fr\/","logo":{"@type":"ImageObject","inLanguage":"fr-FR","@id":"https:\/\/landing.flexsis.it\/fr\/#\/schema\/logo\/image\/","url":"https:\/\/landing.flexsis.it\/wp-content\/uploads\/2024\/02\/flexsis_696x696.jpg","contentUrl":"https:\/\/landing.flexsis.it\/wp-content\/uploads\/2024\/02\/flexsis_696x696.jpg","width":696,"height":696,"caption":"Flexsis"},"image":{"@id":"https:\/\/landing.flexsis.it\/fr\/#\/schema\/logo\/image\/"}}]}},"_links":{"self":[{"href":"https:\/\/landing.flexsis.it\/fr\/wp-json\/wp\/v2\/pages\/1247","targetHints":{"allow":["GET"]}}],"collection":[{"href":"https:\/\/landing.flexsis.it\/fr\/wp-json\/wp\/v2\/pages"}],"about":[{"href":"https:\/\/landing.flexsis.it\/fr\/wp-json\/wp\/v2\/types\/page"}],"author":[{"embeddable":true,"href":"https:\/\/landing.flexsis.it\/fr\/wp-json\/wp\/v2\/users\/1"}],"replies":[{"embeddable":true,"href":"https:\/\/landing.flexsis.it\/fr\/wp-json\/wp\/v2\/comments?post=1247"}],"version-history":[{"count":1,"href":"https:\/\/landing.flexsis.it\/fr\/wp-json\/wp\/v2\/pages\/1247\/revisions"}],"predecessor-version":[{"id":1248,"href":"https:\/\/landing.flexsis.it\/fr\/wp-json\/wp\/v2\/pages\/1247\/revisions\/1248"}],"wp:attachment":[{"href":"https:\/\/landing.flexsis.it\/fr\/wp-json\/wp\/v2\/media?parent=1247"}],"curies":[{"name":"wp","href":"https:\/\/api.w.org\/{rel}","templated":true}]}}