{"id":170,"date":"2023-12-08T09:11:27","date_gmt":"2023-12-08T08:11:27","guid":{"rendered":"https:\/\/landing.flexsis.it\/?page_id=170"},"modified":"2023-12-08T14:28:25","modified_gmt":"2023-12-08T13:28:25","slug":"contacter-flexsis","status":"publish","type":"page","link":"https:\/\/landing.flexsis.it\/fr\/contacter-flexsis\/","title":{"rendered":"Prendre contact"},"content":{"rendered":"\n<div class=\"wpcf7 no-js\" id=\"wpcf7-f8-o1\" lang=\"fr-FR\" dir=\"ltr\" data-wpcf7-id=\"8\">\n<div class=\"screen-reader-response\"><p role=\"status\" aria-live=\"polite\" aria-atomic=\"true\"><\/p> <ul><\/ul><\/div>\n<form action=\"\/fr\/wp-json\/wp\/v2\/pages\/170#wpcf7-f8-o1\" method=\"post\" class=\"wpcf7-form init\" aria-label=\"Formulaire de contact\" novalidate=\"novalidate\" data-status=\"init\">\n<fieldset class=\"hidden-fields-container\"><input type=\"hidden\" name=\"_wpcf7\" value=\"8\" \/><input type=\"hidden\" name=\"_wpcf7_version\" value=\"6.1.3\" \/><input type=\"hidden\" name=\"_wpcf7_locale\" value=\"fr_FR\" \/><input type=\"hidden\" name=\"_wpcf7_unit_tag\" value=\"wpcf7-f8-o1\" \/><input type=\"hidden\" name=\"_wpcf7_container_post\" value=\"0\" \/><input type=\"hidden\" name=\"_wpcf7_posted_data_hash\" value=\"\" \/><input type=\"hidden\" name=\"_wpcf7cf_hidden_group_fields\" value=\"[]\" \/><input type=\"hidden\" name=\"_wpcf7cf_hidden_groups\" value=\"[]\" \/><input type=\"hidden\" name=\"_wpcf7cf_visible_groups\" value=\"[]\" \/><input type=\"hidden\" name=\"_wpcf7cf_repeaters\" value=\"[]\" \/><input type=\"hidden\" name=\"_wpcf7cf_steps\" value=\"{}\" \/><input type=\"hidden\" name=\"_wpcf7cf_options\" value=\"{&quot;form_id&quot;:8,&quot;conditions&quot;:[{&quot;then_field&quot;:&quot;group-candidat&quot;,&quot;and_rules&quot;:[{&quot;if_field&quot;:&quot;checkboxcible&quot;,&quot;operator&quot;:&quot;equals&quot;,&quot;if_value&quot;:&quot;Candidat&quot;}]},{&quot;then_field&quot;:&quot;group-entreprise&quot;,&quot;and_rules&quot;:[{&quot;if_field&quot;:&quot;checkboxcible&quot;,&quot;operator&quot;:&quot;equals&quot;,&quot;if_value&quot;:&quot;Entreprise&quot;}]}],&quot;settings&quot;:{&quot;animation&quot;:&quot;yes&quot;,&quot;animation_intime&quot;:200,&quot;animation_outtime&quot;:200,&quot;conditions_ui&quot;:&quot;normal&quot;,&quot;notice_dismissed&quot;:false,&quot;notice_dismissed_rollback-cf7-5.8.3&quot;:true}}\" \/><input type=\"hidden\" name=\"_wpcf7_recaptcha_response\" value=\"\" \/>\n<\/fieldset>\n<div class=\"form-section\">\n\t<div class=\"form-section-title\">\n\t\t<h2 class=\"h4 col-orange\"><span class=\"material-symbols-outlined fill big-1 pe-3 mb-2\">person<\/span><strong>Je suis<\/strong>\n\t\t<\/h2>\n\t<hr class=\"hr\" \/>\n\t\t<p><span class=\"wpcf7-form-control-wrap\" data-name=\"checkboxcible\"><span class=\"wpcf7-form-control wpcf7-checkbox wpcf7-validates-as-required wpcf7-exclusive-checkbox\" id=\"listecible\"><span class=\"wpcf7-list-item first\"><label><input type=\"checkbox\" name=\"checkboxcible\" value=\"Entreprise\" \/><span class=\"wpcf7-list-item-label\">Entreprise<\/span><\/label><\/span><span class=\"wpcf7-list-item last\"><label><input type=\"checkbox\" name=\"checkboxcible\" value=\"Candidat\" \/><span class=\"wpcf7-list-item-label\">Candidat<\/span><\/label><\/span><\/span><\/span>\n\t\t<\/p>\n\t<\/div>\n\t<div data-id=\"group-candidat\" data-orig_data_id=\"group-candidat\"  class=\"\" data-class=\"wpcf7cf_group\">\n\t\t<p class=\"p py-4\">Merci de votre int\u00e9r\u00eat pour Flexsis. Si vous souhaitez postuler \u00e0 l'une de nos offres d'emploi, nous vous invitons \u00e0 explorer nos postes vacants actuels. Vous trouverez une liste compl\u00e8te de nos opportunit\u00e9s professionnelles disponibles. Si vous pr\u00e9f\u00e9rez soumettre une candidature spontan\u00e9e, veuillez utiliser notre formulaire d\u00e9di\u00e9 pour nous faire part de vos comp\u00e9tences et de vos aspirations professionnelles. Nous sommes impatients de vous aider !\n\t\t<\/p>\n\t\t<div class=\"cf7-candidat-action\">\n\t\t\t<p><a href=\"\/recherche-offres-emploi\/\" class=\"btn-black-full\">Les offres d'emploi<\/a><br \/>\n<a href=\"\/candidature-spontanee\/\" class=\"btn-black-outline\">Candidature spontan\u00e9e<\/a>\n\t\t\t<\/p>\n\t\t<\/div>\n\t<\/div>\n\t<div data-id=\"group-entreprise\" data-orig_data_id=\"group-entreprise\"  class=\"\" data-class=\"wpcf7cf_group\">\n\t\t<div class=\"form-section-title py-3\">\n\t\t\t<h2 class=\"h4 col-orange\"><span class=\"material-symbols-outlined fill big-1 pe-3 mb-2\">person<\/span><strong>Informations de contact<\/strong>\n\t\t\t<\/h2>\n\t\t<hr class=\"hr\" \/>\n\t\t<\/div>\n\t\t<div class=\"row\">\n\t\t\t<div class=\"col-md-6\">\n\t\t\t\t<p><label class=\"form-label txt-s\">Entreprise<span class=\"col-red\">*<\/span><\/label>\n\t\t\t\t<\/p>\n\t\t\t\t<div class=\"p\">\n\t\t\t\t\t<p><span class=\"wpcf7-form-control-wrap\" data-name=\"your-entreprise\"><input size=\"40\" maxlength=\"400\" class=\"wpcf7-form-control wpcf7-text wpcf7-validates-as-required\" aria-required=\"true\" aria-invalid=\"false\" placeholder=\"Entreprise\" value=\"\" type=\"text\" name=\"your-entreprise\" \/><\/span>\n\t\t\t\t\t<\/p>\n\t\t\t\t<\/div>\n\t\t\t<\/div>\n\t\t<\/div>\n\t\t<div class=\"row\">\n\t\t\t<div class=\"col-md-6\">\n\t\t\t\t<p><label class=\"form-label txt-s\">Pr\u00e9nom<span class=\"col-red\">*<\/span><\/label>\n\t\t\t\t<\/p>\n\t\t\t\t<div class=\"p\">\n\t\t\t\t\t<p><span class=\"wpcf7-form-control-wrap\" data-name=\"your-name\"><input size=\"40\" maxlength=\"400\" class=\"wpcf7-form-control wpcf7-text wpcf7-validates-as-required\" aria-required=\"true\" aria-invalid=\"false\" placeholder=\"Votre pr\u00e9nom\" value=\"\" type=\"text\" name=\"your-name\" \/><\/span>\n\t\t\t\t\t<\/p>\n\t\t\t\t<\/div>\n\t\t\t<\/div>\n\t\t\t<div class=\"col-md-6\">\n\t\t\t\t<p><label class=\"form-label txt-s\">Nom<span class=\"col-red\">*<\/span><\/label>\n\t\t\t\t<\/p>\n\t\t\t\t<div class=\"p\">\n\t\t\t\t\t<p><span class=\"wpcf7-form-control-wrap\" data-name=\"your-surname\"><input size=\"40\" maxlength=\"400\" class=\"wpcf7-form-control wpcf7-text wpcf7-validates-as-required\" aria-required=\"true\" aria-invalid=\"false\" placeholder=\"Votre nom\" value=\"\" type=\"text\" name=\"your-surname\" \/><\/span>\n\t\t\t\t\t<\/p>\n\t\t\t\t<\/div>\n\t\t\t<\/div>\n\t\t<\/div>\n\t\t<div class=\"row\">\n\t\t\t<div class=\"col-md-6\">\n\t\t\t\t<p><label class=\"form-label txt-s\">E-mail<span class=\"col-red\">*<\/span><\/label>\n\t\t\t\t<\/p>\n\t\t\t\t<div class=\"p\">\n\t\t\t\t\t<p><span class=\"wpcf7-form-control-wrap\" data-name=\"your-email\"><input size=\"40\" maxlength=\"400\" class=\"wpcf7-form-control wpcf7-email wpcf7-validates-as-required wpcf7-text wpcf7-validates-as-email\" aria-required=\"true\" aria-invalid=\"false\" placeholder=\"Votre email\" value=\"\" type=\"email\" name=\"your-email\" \/><\/span>\n\t\t\t\t\t<\/p>\n\t\t\t\t<\/div>\n\t\t\t<\/div>\n\t\t\t<div class=\"col-md-6\">\n\t\t\t\t<p><label class=\"form-label txt-s\">Portable<span class=\"col-red\">*<\/span><\/label>\n\t\t\t\t<\/p>\n\t\t\t\t<div class=\"p\">\n\t\t\t\t\t<p><span class=\"wpcf7-form-control-wrap\" data-name=\"your-phone\"><input size=\"40\" maxlength=\"400\" class=\"wpcf7-form-control wpcf7-text wpcf7-validates-as-required\" aria-required=\"true\" aria-invalid=\"false\" placeholder=\"Votre t\u00e9l\u00e9phone\" value=\"\" type=\"text\" name=\"your-phone\" \/><\/span>\n\t\t\t\t\t<\/p>\n\t\t\t\t<\/div>\n\t\t\t<\/div>\n\t\t<\/div>\n\t\t<div class=\"form-section-title py-3\">\n\t\t\t<h2 class=\"h4 col-orange\"><span class=\"material-symbols-outlined fill big-1 pe-3 mb-2\">mail<\/span><strong>Votre message<\/strong>\n\t\t\t<\/h2>\n\t\t<hr class=\"hr\" \/>\n\t\t<\/div>\n\t\t<div class=\"row\">\n\t\t\t<div class=\"col-md-6\">\n\t\t\t\t<p><label class=\"form-label txt-s\">Agence \u00e0 contacter<span class=\"col-red\">*<\/span><\/label>\n\t\t\t\t<\/p>\n\t\t\t\t<div class=\"p\">\n\t\t\t\t\t<p><span class=\"wpcf7-form-control-wrap\" data-name=\"agence\"><select class=\"wpcf7-form-control wpcf7-select wpcf7-validates-as-required\" aria-required=\"true\" aria-invalid=\"false\" name=\"agence\"><option value=\"Flexsis - Aarau\">Flexsis - Aarau<\/option><option value=\"Flexsis - Bellinzona\">Flexsis - Bellinzona<\/option><option value=\"Flexsis - Bern\">Flexsis - Bern<\/option><option value=\"Flexsis - Bienne\">Flexsis - Bienne<\/option><option value=\"Flexsis - Bulle\">Flexsis - Bulle<\/option><option value=\"Flexsis - Chur\">Flexsis - Chur<\/option><option value=\"Flexsis - Egerkingen\">Flexsis - Egerkingen<\/option><option value=\"Flexsis - Fribourg\">Flexsis - Fribourg<\/option><option value=\"Flexsis - Fribourg Fixe\">Flexsis - Fribourg Fixe<\/option><option value=\"Flexsis - Frick\">Flexsis - Frick<\/option><option value=\"Flexsis - Gen\u00e8ve Industrie\">Flexsis - Gen\u00e8ve Industrie<\/option><option value=\"Flexsis - Gen\u00e8ve Palexpo\">Flexsis - Gen\u00e8ve Palexpo<\/option><option value=\"Flexsis - Gen\u00e8ve Secteur B\u00e2timent\">Flexsis - Gen\u00e8ve Secteur B\u00e2timent<\/option><option value=\"Flexsis - La Chaux-de-Fonds\">Flexsis - La Chaux-de-Fonds<\/option><option value=\"Flexsis - Lausanne B\u00e2timent\">Flexsis - Lausanne B\u00e2timent<\/option><option value=\"Flexsis - Lausanne Industrie\">Flexsis - Lausanne Industrie<\/option><option value=\"Flexsis - Le Sentier\">Flexsis - Le Sentier<\/option><option value=\"Flexsis - Luzern\">Flexsis - Luzern<\/option><option value=\"Flexsis - Lugano\">Flexsis - Lugano<\/option><option value=\"Flexsis - Monthey\">Flexsis - Monthey<\/option><option value=\"Flexsis - Montreux\">Flexsis - Montreux<\/option><option value=\"Flexsis - Morges\">Flexsis - Morges<\/option><option value=\"Flexsis - Neuchatel\">Flexsis - Neuchatel<\/option><option value=\"Flexsis - Neuenhof Bau &amp; Handwerk\">Flexsis - Neuenhof Bau &amp; Handwerk<\/option><option value=\"Flexsis - Neuenhof Food &amp; Non-Food\">Flexsis - Neuenhof Food &amp; Non-Food<\/option><option value=\"Flexsis - Neuenhof Industrie &amp; Technik\">Flexsis - Neuenhof Industrie &amp; Technik<\/option><option value=\"Flexsis - Payerne\">Flexsis - Payerne<\/option><option value=\"Flexsis - Porrentruy\">Flexsis - Porrentruy<\/option><option value=\"Flexsis - Pratteln\">Flexsis - Pratteln<\/option><option value=\"Flexsis - Rapperswil\">Flexsis - Rapperswil<\/option><option value=\"Flexsis - Rolle\">Flexsis - Rolle<\/option><option value=\"Flexsis - Sion\">Flexsis - Sion<\/option><option value=\"Flexsis - Solothurn\">Flexsis - Solothurn<\/option><option value=\"Flexsis - St. Gallen\">Flexsis - St. Gallen<\/option><option value=\"Flexsis - Sursee\">Flexsis - Sursee<\/option><option value=\"Flexsis - Vevey\">Flexsis - Vevey<\/option><option value=\"Flexsis - Vi\u00e8ge\">Flexsis - Vi\u00e8ge<\/option><option value=\"Flexsis - Wil\">Flexsis - Wil<\/option><option value=\"Flexsis - Wohlen\">Flexsis - Wohlen<\/option><option value=\"Flexsis - Yverdon\">Flexsis - Yverdon<\/option><option value=\"Flexsis - Zurich B\u00e2timent\">Flexsis - Zurich B\u00e2timent<\/option><option value=\"Flexsis - Zurich Technique\">Flexsis - Zurich Technique<\/option><option value=\"Flexsis - Zurich Life Science\">Flexsis - Zurich Life Science<\/option><\/select><\/span>\n\t\t\t\t\t<\/p>\n\t\t\t\t<\/div>\n\t\t\t<\/div>\n\t\t<\/div>\n\t\t<div class=\"row\">\n\t\t\t<div class=\"col-12\">\n\t\t\t\t<p><label class=\"form-label txt-s\">Votre message<span class=\"col-red\">*<\/span><\/label>\n\t\t\t\t<\/p>\n\t\t\t\t<div class=\"p\">\n\t\t\t\t\t<p><span class=\"wpcf7-form-control-wrap\" data-name=\"message\"><textarea cols=\"40\" rows=\"10\" maxlength=\"2000\" class=\"wpcf7-form-control wpcf7-textarea wpcf7-validates-as-required\" id=\"contact-submitEntreprise\" aria-required=\"true\" aria-invalid=\"false\" placeholder=\"Entrez votre message\" name=\"message\"><\/textarea><\/span>\n\t\t\t\t\t<\/p>\n\t\t\t\t<\/div>\n\t\t\t<\/div>\n\t\t<\/div>\n\t\t<div class=\"form-section-title py-3\">\n\t\t\t<h2 class=\"h4 col-orange\"><span class=\"material-symbols-outlined fill big-1 pe-3 mb-2\">person<\/span><strong>Politique de confidentialit\u00e9<\/strong>\n\t\t\t<\/h2>\n\t\t<hr class=\"hr\" \/>\n\t\t\t<div class=\"ctc1 py-3\">\n\t\t\t\t<p>J\u2019accepte la <strong><a href='\/politique-de-confidentialite\/' class=\"col-orange\">politique de confidentialit\u00e9<\/a><\/strong> d\u2019Interiman Group et de ses filiales ainsi que sa d\u00e9claration de consentement, tout en sachant que ceci est r\u00e9vocable\/modifiable en tout temps\n\t\t\t\t<\/p>\n\t\t\t<\/div>\n\t\t\t<p><span class=\"wpcf7-form-control-wrap\" data-name=\"checkbox-561\"><span class=\"wpcf7-form-control wpcf7-checkbox wpcf7-validates-as-required\" id=\"jaccepte\"><span class=\"wpcf7-list-item first last\"><input type=\"checkbox\" name=\"checkbox-561[]\" value=\"J&#039;accepte\" \/><span class=\"wpcf7-list-item-label\">J&#039;accepte<\/span><\/span><\/span><\/span>\n\t\t\t<\/p>\n\t\t<\/div>\n\t\t<div class=\"text-center\">\n\t\t\t<p><input class=\"wpcf7-form-control wpcf7-submit has-spinner\" type=\"submit\" value=\"Envoyer\" \/>\n\t\t\t<\/p>\n\t\t<\/div>\n\t<\/div>\n<\/div><p style=\"display: none !important;\" class=\"akismet-fields-container\" data-prefix=\"_wpcf7_ak_\"><label>&#916;<textarea name=\"_wpcf7_ak_hp_textarea\" cols=\"45\" rows=\"8\" maxlength=\"100\"><\/textarea><\/label><input type=\"hidden\" id=\"ak_js_1\" name=\"_wpcf7_ak_js\" value=\"162\"\/><script>document.getElementById( \"ak_js_1\" ).setAttribute( \"value\", ( new Date() ).getTime() );<\/script><\/p><div class=\"wpcf7-response-output\" aria-hidden=\"true\"><\/div>\n<\/form>\n<\/div>\n\n","protected":false},"excerpt":{"rendered":"<p> [&#8230;]<\/p>\n<p><a class=\"btn btn-secondary understrap-read-more-link\" href=\"https:\/\/landing.flexsis.it\/fr\/contacter-flexsis\/\">Lire la suite\u2026<span class=\"screen-reader-text\"> from Prendre contact<\/span><\/a><\/p>\n","protected":false},"author":1,"featured_media":0,"parent":0,"menu_order":0,"comment_status":"closed","ping_status":"closed","template":"page-templates\/template-contact.php","meta":{"_monsterinsights_skip_tracking":false,"_monsterinsights_sitenote_active":false,"_monsterinsights_sitenote_note":"","_monsterinsights_sitenote_category":0,"footnotes":""},"class_list":["post-170","page","type-page","status-publish","hentry"],"yoast_head":"<!-- This site is optimized with the Yoast SEO plugin v26.2 - https:\/\/yoast.com\/wordpress\/plugins\/seo\/ -->\n<title>Flexsis<\/title>\n<meta name=\"description\" content=\"Besoin d&#039;informations sur nos service de placement? Prenez contact avec nos agences de recrutement Flexsis.\" \/>\n<meta name=\"robots\" content=\"index, follow, max-snippet:-1, max-image-preview:large, max-video-preview:-1\" \/>\n<link rel=\"canonical\" href=\"https:\/\/landing.flexsis.it\/fr\/contacter-flexsis\/\" \/>\n<meta property=\"og:locale\" content=\"fr_FR\" \/>\n<meta property=\"og:type\" content=\"article\" \/>\n<meta property=\"og:title\" content=\"Prendre contact - Flexsis\" \/>\n<meta property=\"og:description\" content=\"Besoin d&#039;informations sur nos service de placement? Prenez contact avec nos agences de recrutement Flexsis.\" \/>\n<meta property=\"og:url\" content=\"https:\/\/landing.flexsis.it\/fr\/contacter-flexsis\/\" \/>\n<meta property=\"og:site_name\" content=\"Flexsis\" \/>\n<meta property=\"article:modified_time\" content=\"2023-12-08T13:28:25+00:00\" \/>\n<meta property=\"og:image\" content=\"https:\/\/landing.flexsis.it\/wp-content\/uploads\/2024\/02\/flexsis_1200x675.jpg\" \/>\n\t<meta property=\"og:image:width\" content=\"1200\" \/>\n\t<meta property=\"og:image:height\" content=\"675\" \/>\n\t<meta property=\"og:image:type\" content=\"image\/jpeg\" \/>\n<meta name=\"twitter:card\" content=\"summary_large_image\" \/>\n<meta name=\"twitter:label1\" content=\"Dur\u00e9e de lecture estim\u00e9e\" \/>\n\t<meta name=\"twitter:data1\" content=\"1 minute\" \/>\n<script type=\"application\/ld+json\" class=\"yoast-schema-graph\">{\"@context\":\"https:\/\/schema.org\",\"@graph\":[{\"@type\":\"WebPage\",\"@id\":\"https:\/\/landing.flexsis.it\/fr\/contacter-flexsis\/\",\"url\":\"https:\/\/landing.flexsis.it\/fr\/contacter-flexsis\/\",\"name\":\"Prendre contact - Flexsis\",\"isPartOf\":{\"@id\":\"https:\/\/landing.flexsis.it\/fr\/#website\"},\"datePublished\":\"2023-12-08T08:11:27+00:00\",\"dateModified\":\"2023-12-08T13:28:25+00:00\",\"description\":\"Besoin d'informations sur nos service de placement? Prenez contact avec nos agences de recrutement Flexsis.\",\"breadcrumb\":{\"@id\":\"https:\/\/landing.flexsis.it\/fr\/contacter-flexsis\/#breadcrumb\"},\"inLanguage\":\"fr-FR\",\"potentialAction\":[{\"@type\":\"ReadAction\",\"target\":[\"https:\/\/landing.flexsis.it\/fr\/contacter-flexsis\/\"]}]},{\"@type\":\"BreadcrumbList\",\"@id\":\"https:\/\/landing.flexsis.it\/fr\/contacter-flexsis\/#breadcrumb\",\"itemListElement\":[{\"@type\":\"ListItem\",\"position\":1,\"name\":\"Accueil\",\"item\":\"https:\/\/landing.flexsis.it\/fr\/\"},{\"@type\":\"ListItem\",\"position\":2,\"name\":\"Prendre contact\"}]},{\"@type\":\"WebSite\",\"@id\":\"https:\/\/landing.flexsis.it\/fr\/#website\",\"url\":\"https:\/\/landing.flexsis.it\/fr\/\",\"name\":\"Flexsis\",\"description\":\"Recrutement et s\u00e9lection de candidats pour les secteurs de l&#039;industrie, de la technique, du b\u00e2timent et des travaux publics, pour des postes fixes ou temporaires\",\"publisher\":{\"@id\":\"https:\/\/landing.flexsis.it\/fr\/#organization\"},\"potentialAction\":[{\"@type\":\"SearchAction\",\"target\":{\"@type\":\"EntryPoint\",\"urlTemplate\":\"https:\/\/landing.flexsis.it\/fr\/?s={search_term_string}\"},\"query-input\":{\"@type\":\"PropertyValueSpecification\",\"valueRequired\":true,\"valueName\":\"search_term_string\"}}],\"inLanguage\":\"fr-FR\"},{\"@type\":\"Organization\",\"@id\":\"https:\/\/landing.flexsis.it\/fr\/#organization\",\"name\":\"Flexsis\",\"url\":\"https:\/\/landing.flexsis.it\/fr\/\",\"logo\":{\"@type\":\"ImageObject\",\"inLanguage\":\"fr-FR\",\"@id\":\"https:\/\/landing.flexsis.it\/fr\/#\/schema\/logo\/image\/\",\"url\":\"https:\/\/landing.flexsis.it\/wp-content\/uploads\/2024\/02\/flexsis_696x696.jpg\",\"contentUrl\":\"https:\/\/landing.flexsis.it\/wp-content\/uploads\/2024\/02\/flexsis_696x696.jpg\",\"width\":696,\"height\":696,\"caption\":\"Flexsis\"},\"image\":{\"@id\":\"https:\/\/landing.flexsis.it\/fr\/#\/schema\/logo\/image\/\"}}]}<\/script>\n<!-- \/ Yoast SEO plugin. -->","yoast_head_json":{"title":"Flexsis","description":"Besoin d'informations sur nos service de placement? Prenez contact avec nos agences de recrutement Flexsis.","robots":{"index":"index","follow":"follow","max-snippet":"max-snippet:-1","max-image-preview":"max-image-preview:large","max-video-preview":"max-video-preview:-1"},"canonical":"https:\/\/landing.flexsis.it\/fr\/contacter-flexsis\/","og_locale":"fr_FR","og_type":"article","og_title":"Prendre contact - Flexsis","og_description":"Besoin d'informations sur nos service de placement? Prenez contact avec nos agences de recrutement Flexsis.","og_url":"https:\/\/landing.flexsis.it\/fr\/contacter-flexsis\/","og_site_name":"Flexsis","article_modified_time":"2023-12-08T13:28:25+00:00","og_image":[{"width":1200,"height":675,"url":"https:\/\/landing.flexsis.it\/wp-content\/uploads\/2024\/02\/flexsis_1200x675.jpg","type":"image\/jpeg"}],"twitter_card":"summary_large_image","twitter_misc":{"Dur\u00e9e de lecture estim\u00e9e":"1 minute"},"schema":{"@context":"https:\/\/schema.org","@graph":[{"@type":"WebPage","@id":"https:\/\/landing.flexsis.it\/fr\/contacter-flexsis\/","url":"https:\/\/landing.flexsis.it\/fr\/contacter-flexsis\/","name":"Prendre contact - Flexsis","isPartOf":{"@id":"https:\/\/landing.flexsis.it\/fr\/#website"},"datePublished":"2023-12-08T08:11:27+00:00","dateModified":"2023-12-08T13:28:25+00:00","description":"Besoin d'informations sur nos service de placement? Prenez contact avec nos agences de recrutement Flexsis.","breadcrumb":{"@id":"https:\/\/landing.flexsis.it\/fr\/contacter-flexsis\/#breadcrumb"},"inLanguage":"fr-FR","potentialAction":[{"@type":"ReadAction","target":["https:\/\/landing.flexsis.it\/fr\/contacter-flexsis\/"]}]},{"@type":"BreadcrumbList","@id":"https:\/\/landing.flexsis.it\/fr\/contacter-flexsis\/#breadcrumb","itemListElement":[{"@type":"ListItem","position":1,"name":"Accueil","item":"https:\/\/landing.flexsis.it\/fr\/"},{"@type":"ListItem","position":2,"name":"Prendre contact"}]},{"@type":"WebSite","@id":"https:\/\/landing.flexsis.it\/fr\/#website","url":"https:\/\/landing.flexsis.it\/fr\/","name":"Flexsis","description":"Recrutement et s\u00e9lection de candidats pour les secteurs de l&#039;industrie, de la technique, du b\u00e2timent et des travaux publics, pour des postes fixes ou temporaires","publisher":{"@id":"https:\/\/landing.flexsis.it\/fr\/#organization"},"potentialAction":[{"@type":"SearchAction","target":{"@type":"EntryPoint","urlTemplate":"https:\/\/landing.flexsis.it\/fr\/?s={search_term_string}"},"query-input":{"@type":"PropertyValueSpecification","valueRequired":true,"valueName":"search_term_string"}}],"inLanguage":"fr-FR"},{"@type":"Organization","@id":"https:\/\/landing.flexsis.it\/fr\/#organization","name":"Flexsis","url":"https:\/\/landing.flexsis.it\/fr\/","logo":{"@type":"ImageObject","inLanguage":"fr-FR","@id":"https:\/\/landing.flexsis.it\/fr\/#\/schema\/logo\/image\/","url":"https:\/\/landing.flexsis.it\/wp-content\/uploads\/2024\/02\/flexsis_696x696.jpg","contentUrl":"https:\/\/landing.flexsis.it\/wp-content\/uploads\/2024\/02\/flexsis_696x696.jpg","width":696,"height":696,"caption":"Flexsis"},"image":{"@id":"https:\/\/landing.flexsis.it\/fr\/#\/schema\/logo\/image\/"}}]}},"_links":{"self":[{"href":"https:\/\/landing.flexsis.it\/fr\/wp-json\/wp\/v2\/pages\/170","targetHints":{"allow":["GET"]}}],"collection":[{"href":"https:\/\/landing.flexsis.it\/fr\/wp-json\/wp\/v2\/pages"}],"about":[{"href":"https:\/\/landing.flexsis.it\/fr\/wp-json\/wp\/v2\/types\/page"}],"author":[{"embeddable":true,"href":"https:\/\/landing.flexsis.it\/fr\/wp-json\/wp\/v2\/users\/1"}],"replies":[{"embeddable":true,"href":"https:\/\/landing.flexsis.it\/fr\/wp-json\/wp\/v2\/comments?post=170"}],"version-history":[{"count":3,"href":"https:\/\/landing.flexsis.it\/fr\/wp-json\/wp\/v2\/pages\/170\/revisions"}],"predecessor-version":[{"id":314,"href":"https:\/\/landing.flexsis.it\/fr\/wp-json\/wp\/v2\/pages\/170\/revisions\/314"}],"wp:attachment":[{"href":"https:\/\/landing.flexsis.it\/fr\/wp-json\/wp\/v2\/media?parent=170"}],"curies":[{"name":"wp","href":"https:\/\/api.w.org\/{rel}","templated":true}]}}