{"id":172,"date":"2023-12-08T09:15:30","date_gmt":"2023-12-08T08:15:30","guid":{"rendered":"https:\/\/landing.flexsis.it\/?page_id=172"},"modified":"2023-12-08T09:15:31","modified_gmt":"2023-12-08T08:15:31","slug":"candidature-spontanee","status":"publish","type":"page","link":"https:\/\/landing.flexsis.it\/fr\/candidature-spontanee\/","title":{"rendered":"Candidature spontan\u00e9e"},"content":{"rendered":"","protected":false},"excerpt":{"rendered":"<p> [&#8230;]<\/p>\n<p><a class=\"btn btn-secondary understrap-read-more-link\" href=\"https:\/\/landing.flexsis.it\/fr\/candidature-spontanee\/\">Lire la suite\u2026<span class=\"screen-reader-text\"> from Candidature spontan\u00e9e<\/span><\/a><\/p>\n","protected":false},"author":1,"featured_media":0,"parent":0,"menu_order":0,"comment_status":"closed","ping_status":"closed","template":"single-candidature-spontanee-ats.php","meta":{"_monsterinsights_skip_tracking":false,"_monsterinsights_sitenote_active":false,"_monsterinsights_sitenote_note":"","_monsterinsights_sitenote_category":0,"footnotes":""},"class_list":["post-172","page","type-page","status-publish","hentry"],"yoast_head":"<!-- This site is optimized with the Yoast SEO plugin v26.2 - https:\/\/yoast.com\/wordpress\/plugins\/seo\/ -->\n<title>Flexsis<\/title>\n<meta name=\"description\" content=\"Vous recherchez un emploi, et aucune offre ne correspond \u00e0 votre profil? D\u00e9posez un dossier de candidature spontan\u00e9e.\" \/>\n<meta name=\"robots\" content=\"index, follow, max-snippet:-1, max-image-preview:large, max-video-preview:-1\" \/>\n<link rel=\"canonical\" href=\"https:\/\/landing.flexsis.it\/fr\/candidature-spontanee\/\" \/>\n<meta property=\"og:locale\" content=\"fr_FR\" \/>\n<meta property=\"og:type\" content=\"article\" \/>\n<meta property=\"og:title\" content=\"Candidature spontan\u00e9e - Flexsis\" \/>\n<meta property=\"og:description\" content=\"Vous recherchez un emploi, et aucune offre ne correspond \u00e0 votre profil? D\u00e9posez un dossier de candidature spontan\u00e9e.\" \/>\n<meta property=\"og:url\" content=\"https:\/\/landing.flexsis.it\/fr\/candidature-spontanee\/\" \/>\n<meta property=\"og:site_name\" content=\"Flexsis\" \/>\n<meta property=\"article:modified_time\" content=\"2023-12-08T08:15:31+00:00\" \/>\n<meta property=\"og:image\" content=\"https:\/\/landing.flexsis.it\/wp-content\/uploads\/2024\/02\/flexsis_1200x675.jpg\" \/>\n\t<meta property=\"og:image:width\" content=\"1200\" \/>\n\t<meta property=\"og:image:height\" content=\"675\" \/>\n\t<meta property=\"og:image:type\" content=\"image\/jpeg\" \/>\n<meta name=\"twitter:card\" content=\"summary_large_image\" \/>\n<script type=\"application\/ld+json\" class=\"yoast-schema-graph\">{\"@context\":\"https:\/\/schema.org\",\"@graph\":[{\"@type\":\"WebPage\",\"@id\":\"https:\/\/landing.flexsis.it\/fr\/candidature-spontanee\/\",\"url\":\"https:\/\/landing.flexsis.it\/fr\/candidature-spontanee\/\",\"name\":\"Candidature spontan\u00e9e - Flexsis\",\"isPartOf\":{\"@id\":\"https:\/\/landing.flexsis.it\/fr\/#website\"},\"datePublished\":\"2023-12-08T08:15:30+00:00\",\"dateModified\":\"2023-12-08T08:15:31+00:00\",\"description\":\"Vous recherchez un emploi, et aucune offre ne correspond \u00e0 votre profil? D\u00e9posez un dossier de candidature spontan\u00e9e.\",\"breadcrumb\":{\"@id\":\"https:\/\/landing.flexsis.it\/fr\/candidature-spontanee\/#breadcrumb\"},\"inLanguage\":\"fr-FR\",\"potentialAction\":[{\"@type\":\"ReadAction\",\"target\":[\"https:\/\/landing.flexsis.it\/fr\/candidature-spontanee\/\"]}]},{\"@type\":\"BreadcrumbList\",\"@id\":\"https:\/\/landing.flexsis.it\/fr\/candidature-spontanee\/#breadcrumb\",\"itemListElement\":[{\"@type\":\"ListItem\",\"position\":1,\"name\":\"Accueil\",\"item\":\"https:\/\/landing.flexsis.it\/fr\/\"},{\"@type\":\"ListItem\",\"position\":2,\"name\":\"Candidature spontan\u00e9e\"}]},{\"@type\":\"WebSite\",\"@id\":\"https:\/\/landing.flexsis.it\/fr\/#website\",\"url\":\"https:\/\/landing.flexsis.it\/fr\/\",\"name\":\"Flexsis\",\"description\":\"Recrutement et s\u00e9lection de candidats pour les secteurs de l&#039;industrie, de la technique, du b\u00e2timent et des travaux publics, pour des postes fixes ou temporaires\",\"publisher\":{\"@id\":\"https:\/\/landing.flexsis.it\/fr\/#organization\"},\"potentialAction\":[{\"@type\":\"SearchAction\",\"target\":{\"@type\":\"EntryPoint\",\"urlTemplate\":\"https:\/\/landing.flexsis.it\/fr\/?s={search_term_string}\"},\"query-input\":{\"@type\":\"PropertyValueSpecification\",\"valueRequired\":true,\"valueName\":\"search_term_string\"}}],\"inLanguage\":\"fr-FR\"},{\"@type\":\"Organization\",\"@id\":\"https:\/\/landing.flexsis.it\/fr\/#organization\",\"name\":\"Flexsis\",\"url\":\"https:\/\/landing.flexsis.it\/fr\/\",\"logo\":{\"@type\":\"ImageObject\",\"inLanguage\":\"fr-FR\",\"@id\":\"https:\/\/landing.flexsis.it\/fr\/#\/schema\/logo\/image\/\",\"url\":\"https:\/\/landing.flexsis.it\/wp-content\/uploads\/2024\/02\/flexsis_696x696.jpg\",\"contentUrl\":\"https:\/\/landing.flexsis.it\/wp-content\/uploads\/2024\/02\/flexsis_696x696.jpg\",\"width\":696,\"height\":696,\"caption\":\"Flexsis\"},\"image\":{\"@id\":\"https:\/\/landing.flexsis.it\/fr\/#\/schema\/logo\/image\/\"}}]}<\/script>\n<!-- \/ Yoast SEO plugin. -->","yoast_head_json":{"title":"Flexsis","description":"Vous recherchez un emploi, et aucune offre ne correspond \u00e0 votre profil? D\u00e9posez un dossier de candidature spontan\u00e9e.","robots":{"index":"index","follow":"follow","max-snippet":"max-snippet:-1","max-image-preview":"max-image-preview:large","max-video-preview":"max-video-preview:-1"},"canonical":"https:\/\/landing.flexsis.it\/fr\/candidature-spontanee\/","og_locale":"fr_FR","og_type":"article","og_title":"Candidature spontan\u00e9e - Flexsis","og_description":"Vous recherchez un emploi, et aucune offre ne correspond \u00e0 votre profil? D\u00e9posez un dossier de candidature spontan\u00e9e.","og_url":"https:\/\/landing.flexsis.it\/fr\/candidature-spontanee\/","og_site_name":"Flexsis","article_modified_time":"2023-12-08T08:15:31+00:00","og_image":[{"width":1200,"height":675,"url":"https:\/\/landing.flexsis.it\/wp-content\/uploads\/2024\/02\/flexsis_1200x675.jpg","type":"image\/jpeg"}],"twitter_card":"summary_large_image","schema":{"@context":"https:\/\/schema.org","@graph":[{"@type":"WebPage","@id":"https:\/\/landing.flexsis.it\/fr\/candidature-spontanee\/","url":"https:\/\/landing.flexsis.it\/fr\/candidature-spontanee\/","name":"Candidature spontan\u00e9e - Flexsis","isPartOf":{"@id":"https:\/\/landing.flexsis.it\/fr\/#website"},"datePublished":"2023-12-08T08:15:30+00:00","dateModified":"2023-12-08T08:15:31+00:00","description":"Vous recherchez un emploi, et aucune offre ne correspond \u00e0 votre profil? D\u00e9posez un dossier de candidature spontan\u00e9e.","breadcrumb":{"@id":"https:\/\/landing.flexsis.it\/fr\/candidature-spontanee\/#breadcrumb"},"inLanguage":"fr-FR","potentialAction":[{"@type":"ReadAction","target":["https:\/\/landing.flexsis.it\/fr\/candidature-spontanee\/"]}]},{"@type":"BreadcrumbList","@id":"https:\/\/landing.flexsis.it\/fr\/candidature-spontanee\/#breadcrumb","itemListElement":[{"@type":"ListItem","position":1,"name":"Accueil","item":"https:\/\/landing.flexsis.it\/fr\/"},{"@type":"ListItem","position":2,"name":"Candidature spontan\u00e9e"}]},{"@type":"WebSite","@id":"https:\/\/landing.flexsis.it\/fr\/#website","url":"https:\/\/landing.flexsis.it\/fr\/","name":"Flexsis","description":"Recrutement et s\u00e9lection de candidats pour les secteurs de l&#039;industrie, de la technique, du b\u00e2timent et des travaux publics, pour des postes fixes ou temporaires","publisher":{"@id":"https:\/\/landing.flexsis.it\/fr\/#organization"},"potentialAction":[{"@type":"SearchAction","target":{"@type":"EntryPoint","urlTemplate":"https:\/\/landing.flexsis.it\/fr\/?s={search_term_string}"},"query-input":{"@type":"PropertyValueSpecification","valueRequired":true,"valueName":"search_term_string"}}],"inLanguage":"fr-FR"},{"@type":"Organization","@id":"https:\/\/landing.flexsis.it\/fr\/#organization","name":"Flexsis","url":"https:\/\/landing.flexsis.it\/fr\/","logo":{"@type":"ImageObject","inLanguage":"fr-FR","@id":"https:\/\/landing.flexsis.it\/fr\/#\/schema\/logo\/image\/","url":"https:\/\/landing.flexsis.it\/wp-content\/uploads\/2024\/02\/flexsis_696x696.jpg","contentUrl":"https:\/\/landing.flexsis.it\/wp-content\/uploads\/2024\/02\/flexsis_696x696.jpg","width":696,"height":696,"caption":"Flexsis"},"image":{"@id":"https:\/\/landing.flexsis.it\/fr\/#\/schema\/logo\/image\/"}}]}},"_links":{"self":[{"href":"https:\/\/landing.flexsis.it\/fr\/wp-json\/wp\/v2\/pages\/172","targetHints":{"allow":["GET"]}}],"collection":[{"href":"https:\/\/landing.flexsis.it\/fr\/wp-json\/wp\/v2\/pages"}],"about":[{"href":"https:\/\/landing.flexsis.it\/fr\/wp-json\/wp\/v2\/types\/page"}],"author":[{"embeddable":true,"href":"https:\/\/landing.flexsis.it\/fr\/wp-json\/wp\/v2\/users\/1"}],"replies":[{"embeddable":true,"href":"https:\/\/landing.flexsis.it\/fr\/wp-json\/wp\/v2\/comments?post=172"}],"version-history":[{"count":1,"href":"https:\/\/landing.flexsis.it\/fr\/wp-json\/wp\/v2\/pages\/172\/revisions"}],"predecessor-version":[{"id":173,"href":"https:\/\/landing.flexsis.it\/fr\/wp-json\/wp\/v2\/pages\/172\/revisions\/173"}],"wp:attachment":[{"href":"https:\/\/landing.flexsis.it\/fr\/wp-json\/wp\/v2\/media?parent=172"}],"curies":[{"name":"wp","href":"https:\/\/api.w.org\/{rel}","templated":true}]}}